{"id":8,"date":"2024-03-01T18:37:04","date_gmt":"2024-03-01T18:37:04","guid":{"rendered":"https:\/\/costaconstrucoes.pt\/wp\/?page_id=8"},"modified":"2024-03-07T13:12:02","modified_gmt":"2024-03-07T13:12:02","slug":"contact","status":"publish","type":"page","link":"https:\/\/costaconstrucoes.pt\/home\/contact\/","title":{"rendered":"CONTACTOS"},"content":{"rendered":"\n<p><strong>SEMPRE PRESENTAR PARA AJUDAR<\/strong><\/p>\n\n\n\n<p>Entre em contacto connosco<\/p>\n\n\n\n<p>Estamos inteiramente \u00e0 disposi\u00e7\u00e3o , <br>para esclarecer qualquer duvida ou informa\u00e7\u00e3o que necessite<\/p>\n\n\n<div class=\"wp-block-image\">\n<figure class=\"alignleft size-full is-resized\"><img loading=\"lazy\" decoding=\"async\" width=\"640\" height=\"640\" src=\"https:\/\/costaconstrucoes.pt\/home\/wp-content\/uploads\/2024\/03\/1ddbe1e99b033293fab57a43d2a7d3fc.jpg\" alt=\"\" class=\"wp-image-127\" style=\"width:63px;height:auto\" srcset=\"https:\/\/costaconstrucoes.pt\/home\/wp-content\/uploads\/2024\/03\/1ddbe1e99b033293fab57a43d2a7d3fc.jpg 640w, https:\/\/costaconstrucoes.pt\/home\/wp-content\/uploads\/2024\/03\/1ddbe1e99b033293fab57a43d2a7d3fc-300x300.jpg 300w, https:\/\/costaconstrucoes.pt\/home\/wp-content\/uploads\/2024\/03\/1ddbe1e99b033293fab57a43d2a7d3fc-150x150.jpg 150w, https:\/\/costaconstrucoes.pt\/home\/wp-content\/uploads\/2024\/03\/1ddbe1e99b033293fab57a43d2a7d3fc-375x375.jpg 375w\" sizes=\"auto, (max-width: 640px) 100vw, 640px\" \/><\/figure>\n<\/div>\n\n\n<p>Duvidas e\/ou esclarecimentos : 918670425<\/p>\n\n\n\n<div class=\"wp-block-buttons is-horizontal is-content-justification-left is-layout-flex wp-container-core-buttons-is-layout-779c298f wp-block-buttons-is-layout-flex\"><\/div>\n\n\n<div class=\"wp-block-image\">\n<figure class=\"alignleft size-full is-resized\"><img loading=\"lazy\" decoding=\"async\" width=\"360\" height=\"360\" src=\"https:\/\/costaconstrucoes.pt\/home\/wp-content\/uploads\/2024\/03\/EmailIcon-1.jpg\" alt=\"\" class=\"wp-image-129\" style=\"width:62px;height:auto\" srcset=\"https:\/\/costaconstrucoes.pt\/home\/wp-content\/uploads\/2024\/03\/EmailIcon-1.jpg 360w, https:\/\/costaconstrucoes.pt\/home\/wp-content\/uploads\/2024\/03\/EmailIcon-1-300x300.jpg 300w, https:\/\/costaconstrucoes.pt\/home\/wp-content\/uploads\/2024\/03\/EmailIcon-1-150x150.jpg 150w\" sizes=\"auto, (max-width: 360px) 100vw, 360px\" \/><\/figure>\n<\/div>\n\n\n<p><strong>Esclarecimentos:<\/strong><br>   \u2022 marcoandrecosta@costaconstrucoes.pt<br><strong>Reclama\u00e7\u00f5es\/Sugest\u00f5es\/Outros Pedidos.<\/strong><br>                    \u2022 geral@costaconstrucoes.pt<\/p>\n\n\n\n<p>Deseja realizar um <em><strong>or\u00e7amento<\/strong><\/em>? Pe\u00e7a aqui e iremos contactar em breve : <\/p>\n\n\n\n<div class=\"forminator-guttenberg\"><div class=\"forminator-ui forminator-custom-form forminator-custom-form-131 forminator-design--default  forminator_ajax\" data-forminator-render=\"0\" data-form=\"forminator-module-131\" data-uid=\"69eb766a159c5\"><br\/><\/div><form\n\t\t\t\tid=\"forminator-module-131\"\n\t\t\t\tclass=\"forminator-ui forminator-custom-form forminator-custom-form-131 forminator-design--default  forminator_ajax\"\n\t\t\t\tmethod=\"post\"\n\t\t\t\tdata-forminator-render=\"0\"\n\t\t\t\tdata-form-id=\"131\"\n\t\t\t\t\n\t\t\t\tdata-design=\"default\"\n\t\t\t\t\n\t\t\t\t\n\t\t\t\t\n\t\t\t\tdata-grid=\"open\"\n\t\t\t\t\n\t\t\t\t\n\t\t\t\tstyle=\"display: none;\"\n\t\t\t\t\n\t\t\t\tdata-uid=\"69eb766a159c5\"\n\t\t\t><div role=\"alert\" aria-live=\"polite\" class=\"forminator-response-message forminator-error\" aria-hidden=\"true\"><\/div><div class=\"forminator-row\"><div id=\"name-1\" class=\"forminator-field-name forminator-col forminator-col-12 \"><div class=\"forminator-field\"><label for=\"forminator-field-name-1_69eb766a159c5\" id=\"forminator-field-name-1_69eb766a159c5-label\" class=\"forminator-label\">Nome: <span class=\"forminator-required\">*<\/span><\/label><input type=\"text\" name=\"name-1\" value=\"\" placeholder=\"Insira o nome...\" id=\"forminator-field-name-1_69eb766a159c5\" class=\"forminator-input forminator-name--field\" aria-required=\"true\" \/><\/div><\/div><\/div><div class=\"forminator-row\"><div id=\"email-1\" class=\"forminator-field-email forminator-col forminator-col-12 \"><div class=\"forminator-field\"><label for=\"forminator-field-email-1_69eb766a159c5\" id=\"forminator-field-email-1_69eb766a159c5-label\" class=\"forminator-label\">Email:<\/label><input type=\"email\" name=\"email-1\" value=\"\" placeholder=\"Insira o seu email\" id=\"forminator-field-email-1_69eb766a159c5\" class=\"forminator-input forminator-email--field\" data-required=\"\" aria-required=\"false\" aria-describedby=\"forminator-field-email-1_69eb766a159c5-description\" \/><span id=\"forminator-field-email-1_69eb766a159c5-description\" class=\"forminator-description\">Insira o seu email para contacto...<\/span><\/div><\/div><\/div><div class=\"forminator-row\"><div id=\"phone-1\" class=\"forminator-field-phone forminator-col forminator-col-12 \"><div class=\"forminator-field\"><label for=\"forminator-field-phone-1_69eb766a159c5\" id=\"forminator-field-phone-1_69eb766a159c5-label\" class=\"forminator-label\">Contacto telefonico: <span class=\"forminator-required\">*<\/span><\/label><input type=\"text\" name=\"phone-1\" value=\"\" placeholder=\"Insira o seu contacto\" id=\"forminator-field-phone-1_69eb766a159c5\" class=\"forminator-input forminator-field--phone\" data-required=\"1\" aria-required=\"true\" autocomplete=\"off\" \/><\/div><\/div><\/div><div class=\"forminator-row\"><div id=\"textarea-1\" class=\"forminator-field-textarea forminator-col forminator-col-12 \"><div class=\"forminator-field\"><label for=\"forminator-field-textarea-1_69eb766a159c5\" id=\"forminator-field-textarea-1_69eb766a159c5-label\" class=\"forminator-label\">Observa\u00e7\u00f5es:<\/label><textarea name=\"textarea-1\" placeholder=\"\" id=\"forminator-field-textarea-1_69eb766a159c5\" class=\"forminator-textarea\" rows=\"6\" style=\"min-height:140px;\" maxlength=\"180\" aria-describedby=\"forminator-field-textarea-1_69eb766a159c5-description\" ><\/textarea><span id=\"forminator-field-textarea-1_69eb766a159c5-description\" class=\"forminator-description\">Insira observa\u00e7\u00f5es uteis como quais os tipos de trabalho que pretende, localidade etc...<span data-limit=\"180\" data-type=\"characters\" data-editor=\"\">0 \/ 180<\/span><\/span><\/div><\/div><\/div><input type=\"hidden\" name=\"referer_url\" value=\"\" \/><div class=\"forminator-row forminator-row-last\"><div class=\"forminator-col\"><div class=\"forminator-field\"><button class=\"forminator-button forminator-button-submit\">Enviar Pedido de Or&ccedil;amento<\/button><\/div><\/div><\/div><input type=\"hidden\" id=\"forminator_nonce\" name=\"forminator_nonce\" value=\"86135675e0\" \/><input type=\"hidden\" name=\"_wp_http_referer\" value=\"\/home\/wp-json\/wp\/v2\/pages\/8\" \/><input type=\"hidden\" name=\"form_id\" value=\"131\"><input type=\"hidden\" name=\"page_id\" value=\"8\"><input type=\"hidden\" name=\"form_type\" value=\"default\"><input type=\"hidden\" name=\"current_url\" value=\"https:\/\/costaconstrucoes.pt\/home\/contact\/\"><input type=\"hidden\" name=\"render_id\" value=\"0\"><input type=\"hidden\" name=\"action\" value=\"forminator_submit_form_custom-forms\"><label for=\"input_5\" class=\"forminator-hidden\" aria-hidden=\"true\">Please do not fill in this field. <input id=\"input_5\" type=\"text\" name=\"input_5\" value=\"\" autocomplete=\"off\"><\/label><\/form><\/div>\n","protected":false},"excerpt":{"rendered":"<p>SEMPRE PRESENTAR PARA AJUDAR Entre em contacto connosco Estamos inteiramente \u00e0 disposi\u00e7\u00e3o , para esclarecer qualquer duvida ou informa\u00e7\u00e3o que necessite Duvidas e\/ou esclarecimentos : 918670425 Esclarecimentos: \u2022 marcoandrecosta@costaconstrucoes.ptReclama\u00e7\u00f5es\/Sugest\u00f5es\/Outros Pedidos. \u2022 geral@costaconstrucoes.pt Deseja realizar um or\u00e7amento? Pe\u00e7a aqui e iremos contactar em breve :<\/p>\n","protected":false},"author":1,"featured_media":0,"parent":0,"menu_order":0,"comment_status":"closed","ping_status":"closed","template":"","meta":{"footnotes":""},"class_list":["post-8","page","type-page","status-publish","hentry"],"_links":{"self":[{"href":"https:\/\/costaconstrucoes.pt\/home\/wp-json\/wp\/v2\/pages\/8","targetHints":{"allow":["GET"]}}],"collection":[{"href":"https:\/\/costaconstrucoes.pt\/home\/wp-json\/wp\/v2\/pages"}],"about":[{"href":"https:\/\/costaconstrucoes.pt\/home\/wp-json\/wp\/v2\/types\/page"}],"author":[{"embeddable":true,"href":"https:\/\/costaconstrucoes.pt\/home\/wp-json\/wp\/v2\/users\/1"}],"replies":[{"embeddable":true,"href":"https:\/\/costaconstrucoes.pt\/home\/wp-json\/wp\/v2\/comments?post=8"}],"version-history":[{"count":8,"href":"https:\/\/costaconstrucoes.pt\/home\/wp-json\/wp\/v2\/pages\/8\/revisions"}],"predecessor-version":[{"id":132,"href":"https:\/\/costaconstrucoes.pt\/home\/wp-json\/wp\/v2\/pages\/8\/revisions\/132"}],"wp:attachment":[{"href":"https:\/\/costaconstrucoes.pt\/home\/wp-json\/wp\/v2\/media?parent=8"}],"curies":[{"name":"wp","href":"https:\/\/api.w.org\/{rel}","templated":true}]}}